{"id":444,"date":"2021-06-24T16:28:56","date_gmt":"2021-06-24T14:28:56","guid":{"rendered":"https:\/\/lapanera.es\/?page_id=444"},"modified":"2024-05-16T00:30:10","modified_gmt":"2024-05-16T00:30:10","slug":"politica-de-cookies","status":"publish","type":"page","link":"https:\/\/lapanera.es\/index.php\/politica-de-cookies\/","title":{"rendered":"Pol\u00edtica de Cookies"},"content":{"rendered":"\t\t<div data-elementor-type=\"wp-page\" data-elementor-id=\"444\" class=\"elementor elementor-444\" data-elementor-post-type=\"page\">\n\t\t\t\t<div class=\"elementor-element elementor-element-2b75a16c e-flex e-con-boxed e-con e-parent\" data-id=\"2b75a16c\" data-element_type=\"container\">\n\t\t\t\t\t<div class=\"e-con-inner\">\n\t\t\t\t<div class=\"elementor-element elementor-element-5e223005 elementor-widget elementor-widget-text-editor\" data-id=\"5e223005\" data-element_type=\"widget\" data-widget_type=\"text-editor.default\">\n\t\t\t\t<div class=\"elementor-widget-container\">\n\t\t\t<style>\/*! elementor - v3.23.0 - 15-07-2024 *\/\n.elementor-widget-text-editor.elementor-drop-cap-view-stacked .elementor-drop-cap{background-color:#69727d;color:#fff}.elementor-widget-text-editor.elementor-drop-cap-view-framed .elementor-drop-cap{color:#69727d;border:3px solid;background-color:transparent}.elementor-widget-text-editor:not(.elementor-drop-cap-view-default) .elementor-drop-cap{margin-top:8px}.elementor-widget-text-editor:not(.elementor-drop-cap-view-default) .elementor-drop-cap-letter{width:1em;height:1em}.elementor-widget-text-editor .elementor-drop-cap{float:left;text-align:center;line-height:1;font-size:50px}.elementor-widget-text-editor .elementor-drop-cap-letter{display:inline-block}<\/style>\t\t\t\t<p><span style=\"text-align: var(--text-align); color: var( --e-global-color-secondary ); font-family: var( --e-global-typography-text-font-family ), Sans-serif; font-size: var( --e-global-typography-text-font-size ); font-weight: var( --e-global-typography-text-font-weight );\">La Panera utiliza cookies propias y de terceros para medir la interacci\u00f3n de los usuarios en el sitio web.<\/span><br><\/p>\n<h3>\u00bfQu\u00e9 son las cookies y para qu\u00e9 se utilizan?<\/h3>\n<p>Una cookie es un fichero que se descarga en su ordenador, tablet, smartphone o cualquier otro dispositivo al acceder a determinadas p\u00e1ginas web. Las cookies permiten a una p\u00e1gina web, entre otras cosas, almacenar y recuperar informaci\u00f3n sobre los h\u00e1bitos de navegaci\u00f3n de un Usuario o de su equipo y, dependiendo de la informaci\u00f3n que contengan y de la forma en que utilice su equipo, pueden utilizarse para reconocer al Usuario. En ning\u00fan caso las cookies podr\u00edan da\u00f1ar su equipo. Por contra, el que est\u00e9n activas nos ayuda a identificar y resolver los posibles errores.<\/p>\n<h3>\u00bfQu\u00e9 tipos de cookies existen?<\/h3>\n<p>Las cookies pueden ser clasificadas por categor\u00edas con base en diferentes criterios. A continuaci\u00f3n, se ofrece informaci\u00f3n de los diferentes tipos de cookies que existen:<\/p>\n<p><b><u>Entidad que las gestiona<\/u><\/b><\/p>\n<ul>\n<li><b>Cookies propias:<\/b> son generadas y enviadas por el sitio web visitado al terminal, equipo o dispositivo del Usuario. Gestionadas por el editor del sitio web.<\/li>\n<li><b>Cookies de terceros:<\/b> son generadas y enviadas al terminal, equipo o dispositivo del Usuario por entidades ajenas al sitio web visitado y que tratan y gestionan los datos e informaci\u00f3n obtenidos en virtud de estas cookies.<\/li>\n<\/ul>\n<p><b><u>Plazo de tiempo de activaci\u00f3n<\/u><\/b><\/p>\n<ul>\n<li><b>De sesi\u00f3n:<\/b> recaban informaci\u00f3n y almacenan datos el tiempo que dure el acceso al sitio web (sesi\u00f3n). Una vez el Usuario abandone el portal, se eliminan autom\u00e1ticamente.<\/li>\n<li><b>Persistentes:<\/b> la informaci\u00f3n y datos que recaban estas cookies permanecen en el terminal, equipo o dispositivo del Usuario por un periodo de tiempo definido por el responsable de estas, lo cual habilita el acceso a los datos y su tratamiento en el marco temporal determinado.<\/li>\n<\/ul>\n<p><b><u>Finalidad<\/u><\/b><\/p>\n<ul>\n<li><b>Cookies de an\u00e1lisis o medici\u00f3n:<\/b> permiten cuantificar el n\u00famero de Usuario os y as\u00ed realizar la medici\u00f3n de la actividad del sitio web a trav\u00e9s del an\u00e1lisis del uso que hacen los Usuarios del servicio en funci\u00f3n de su comportamiento en la navegaci\u00f3n.<\/li>\n<li><b>Cookies t\u00e9cnicas:<\/b> requeridas para el funcionamiento, mantenimiento y gesti\u00f3n de la p\u00e1gina o p\u00e1ginas de un sitio web (control del tr\u00e1fico web y el flujo de comunicaci\u00f3n de los datos, identificar la sesi\u00f3n, acceso a elementos de acceso restringido, presentar solicitudes, almacenamiento de contenidos, etc). No requieren el consentimiento del Usuario.<\/li>\n<li><b>Cookies de personalizaci\u00f3n:<\/b> permiten establecer una memoria de ciertas caracter\u00edsticas del sitio web a partir de la selecci\u00f3n del Usuario, como pueden ser el idioma, el \u00e1rea geogr\u00e1fica, el tipo de navegador, limitar el n\u00famero de resultados a mostrar en la b\u00fasqueda, entre otras, para obtener una experiencia de navegaci\u00f3n personalizada.<\/li>\n<li><b>Cookies de publicidad comportamental:<\/b> almacenan informaci\u00f3n del comportamiento de los visitantes obtenida a trav\u00e9s de la observaci\u00f3n continuada de sus h\u00e1bitos de navegaci\u00f3n, lo que permite desarrollar un perfil espec\u00edfico para mostrar avisos publicitarios personalizados.<\/li>\n<\/ul>\n<h3>Tipos de cookies utilizadas por La Panera<\/h3>\n<p><b>Cookies de terceros<\/b><\/p>\n<p><b><u>Cookies de an\u00e1lisis<\/u><\/b><\/p>\n<p>En particular, La Panera utiliza las cookies del sistema de audiencia de Google Analytics que permiten conocer como interact\u00faan los Usuarios en el Sitio Web:<\/p>\n<p>\u2013 Google Analytics (_gat \u2013 _gat_gtag_UA_(property-id). Google. Se usa para limitar el porcentaje de solicitudes. Dura 1 minuto.<\/p>\n<p>\u2013 Google Analytics (_ga. Google. Se usa para distinguir a los usuarios. Dura 2 a\u00f1os.<\/p>\n<p>\u2013 Google Analytics (_gid. Google. Se usa para distinguir a los usuarios. Dura 1 d\u00eda.<\/p>\n<p>\u2013 Moove Agency (moove_gdpr_popup. Banner Cookies. Destinadas a guardar las preferencias sobre el uso de las cookies. Dura 1 a\u00f1o.<\/p>\n<p>A continuaci\u00f3n, se incluye el enlace al sitio web de Google donde puede consultar la descripci\u00f3n del tipo de cookies que utiliza Google Analytics y su periodo de expiraci\u00f3n: <a href=\"https:\/\/developers.google.com\/analytics\/devguides\/collection\/analyticsjs\/cookie-usage?hl=es\" target=\"_blank\" rel=\"noopener\">https:\/\/developers.google.com\/analytics\/devguides\/collection\/analyticsjs\/cookie-usage?hl=es<\/a><\/p>\n<h3>Revocaci\u00f3n y eliminaci\u00f3n de cookies<\/h3>\n<p>En cualquier caso, le informamos de que puede eliminar, bloquear o deshabilitar las cookies en cualquier momento modificando la configuraci\u00f3n de su navegador, que le permitir\u00e1 rechazar la instalaci\u00f3n de todas las cookies o de algunas de ellas. Si elimina todas las cookies de este Sitio Web, a trav\u00e9s de su navegador, borrar\u00e1 tambi\u00e9n las opciones de configuraci\u00f3n que haya elegido sobre nuestras cookies (aceptaci\u00f3n, rechazo o revocaci\u00f3n de su uso). A continuaci\u00f3n, podr\u00e1 encontrar informaci\u00f3n sobre c\u00f3mo gestionar el uso de cookies en funci\u00f3n del navegador utilizado:<\/p>\n<ul>\n<li><a href=\"https:\/\/support.google.com\/chrome\/answer\/95647?hl=es\" target=\"_blank\" rel=\"noopener\">Configurar cookies en Google Chrome<\/a><\/li>\n<li><a href=\"http:\/\/windows.microsoft.com\/es-es\/windows7\/how-to-manage-cookies-in-internet-explorer-9\" target=\"_blank\" rel=\"noopener\">Configurar cookies en Microsoft Internet Explorer<\/a><\/li>\n<li><a href=\"https:\/\/support.mozilla.org\/es\/kb\/habilitar-y-deshabilitar-cookies-sitios-web-rastrear-preferencias?redirectlocale=es&amp;redirectslug=habilitar-y-deshabilitar-cookies-que-los-sitios-we\" target=\"_blank\" rel=\"noopener\">Configurar cookies en Mozilla Firefox<\/a><\/li>\n<li><a href=\"https:\/\/support.apple.com\/es-es\/HT201265\" target=\"_blank\" rel=\"noopener\">Configurar cookies en Safari (Apple)<\/a><\/li>\n<\/ul>\n<h3>Cambios en la pol\u00edtica de cookies<\/h3>\n<p>Es posible que actualicemos la Pol\u00edtica de Cookies de nuestro Sitio Web. Por ello, le recomendamos revisar esta pol\u00edtica cada vez que acceda a nuestro Sitio Web con el objetivo de estar adecuadamente informado sobre c\u00f3mo y para qu\u00e9 usamos las cookies.<\/p>\t\t\t\t\t\t<\/div>\n\t\t\t\t<\/div>\n\t\t\t\t\t<\/div>\n\t\t\t\t<\/div>\n\t\t\t\t<\/div>\n\t\t","protected":false},"excerpt":{"rendered":"<p>La Panera utiliza cookies propias y de terceros para medir la interacci\u00f3n de los usuarios en el sitio web. \u00bfQu\u00e9 son las cookies y para qu\u00e9 se utilizan? Una cookie es un fichero que se descarga en su ordenador, tablet, smartphone o cualquier otro dispositivo al acceder a determinadas p\u00e1ginas web. Las cookies permiten a [&hellip;]<\/p>\n","protected":false},"author":2,"featured_media":0,"parent":0,"menu_order":0,"comment_status":"closed","ping_status":"closed","template":"","meta":{"footnotes":""},"class_list":["post-444","page","type-page","status-publish","hentry"],"_links":{"self":[{"href":"https:\/\/lapanera.es\/index.php\/wp-json\/wp\/v2\/pages\/444","targetHints":{"allow":["GET"]}}],"collection":[{"href":"https:\/\/lapanera.es\/index.php\/wp-json\/wp\/v2\/pages"}],"about":[{"href":"https:\/\/lapanera.es\/index.php\/wp-json\/wp\/v2\/types\/page"}],"author":[{"embeddable":true,"href":"https:\/\/lapanera.es\/index.php\/wp-json\/wp\/v2\/users\/2"}],"replies":[{"embeddable":true,"href":"https:\/\/lapanera.es\/index.php\/wp-json\/wp\/v2\/comments?post=444"}],"version-history":[{"count":3,"href":"https:\/\/lapanera.es\/index.php\/wp-json\/wp\/v2\/pages\/444\/revisions"}],"predecessor-version":[{"id":4431,"href":"https:\/\/lapanera.es\/index.php\/wp-json\/wp\/v2\/pages\/444\/revisions\/4431"}],"wp:attachment":[{"href":"https:\/\/lapanera.es\/index.php\/wp-json\/wp\/v2\/media?parent=444"}],"curies":[{"name":"wp","href":"https:\/\/api.w.org\/{rel}","templated":true}]}}