{"id":458,"date":"2021-06-24T17:08:34","date_gmt":"2021-06-24T15:08:34","guid":{"rendered":"https:\/\/lapanera.es\/?page_id=458"},"modified":"2021-06-24T17:08:34","modified_gmt":"2021-06-24T15:08:34","slug":"condiciones-de-compra-y-metodos-de-pago","status":"publish","type":"page","link":"https:\/\/lapanera.es\/index.php\/condiciones-de-compra-y-metodos-de-pago\/","title":{"rendered":"Condiciones de Compra y M\u00e9todos de Pago"},"content":{"rendered":"<p>[vc_row][vc_column][vc_empty_space][vc_column_text]<\/p>\n<h2>Condiciones de Compra<\/h2>\n<p>A trav\u00e9s de estas condiciones legales de contrataci\u00f3n, ponemos a disposici\u00f3n del consumidor la informaci\u00f3n pre-contractual a la que se refiere el art\u00edculo 6 de la Directiva 2011\/83.<\/p>\n<h3>Identificaci\u00f3n<\/h3>\n<p>Los bienes que se venden a trav\u00e9s de la web lapanera.es son tickets para el acceso al \u00c1rea Recreativa de La Panera \u2013Carretera de la garganta S\/N, 40400 &#8211; Estaci\u00f3n de El Espinar\u2013. Las compras en www.lapanera.es son realizadas a Javier Ayuso de Castro, NIF 03468312G con domilio en C\/San Roque, 37. El Espinar, 40400. Espa\u00f1a.<\/p>\n<h3>Productos y precios<\/h3>\n<p>Los tickets que se ponen a la venta son aplicables al d\u00eda que se refleja en ellos dentro del horario de 9:00 a 21:00h. Actualmente, los tickets a la venta son los siguientes:<\/p>\n<ul>\n<li>Coche: 8\u20ac (M\u00c1XIMO 5 PERSONAS). Fin de Semana.<\/li>\n<\/ul>\n<h3>Proceso de compra<\/h3>\n<p>Para realizar un pedido en nuestra web es necesario registrarse durante el proceso de compra. Nuestra tienda crea una cuenta de cliente, con la direcci\u00f3n de correo electr\u00f3nico y la contrase\u00f1a que se elija, para facilitar el inicio de sesi\u00f3n y las futuras compras. Estos datos ser\u00e1n tratados e incorporados a nuestros ficheros, tal como se informa en nuestro apartado de protecci\u00f3n de datos de car\u00e1cter personal contenido en este Aviso Legal.<\/p>\n<p>Para realizar una compra, se debe elegir el producto o servicio y autom\u00e1ticamente el sistema redirigir\u00e1 a la p\u00e1gina de pedido (carrito). En esta pantalla se deber\u00e1 indicar nombre, apellidos y correo (salvo que el usuario haya iniciado sesi\u00f3n), adem\u00e1s de elegir un m\u00e9todo de pago. Una vez completado, pulsar el bot\u00f3n \u201cPagar\u201d. Se solicitar\u00e1n los datos referentes a la tarjeta con la que realizar el pago. A continuaci\u00f3n se mostrar\u00e1 una p\u00e1gina de confirmaci\u00f3n de la compra. El producto ser\u00e1 enviado por correo electr\u00f3nico.<\/p>\n<h3>Anulaci\u00f3n y devoluciones<\/h3>\n<p><b>Las compras de tickets a trav\u00e9s de la web no disponen de anulaci\u00f3n o devoluci\u00f3n.<\/b><br \/>\n[\/vc_column_text][\/vc_column][\/vc_row][vc_row el_id=\u00bbmetodos-pago\u00bb][vc_column][vc_empty_space][\/vc_column][\/vc_row][vc_row][vc_column][\/vc_column][\/vc_row][vc_row][vc_column][vc_column_text]<\/p>\n<h2>M\u00e9todos de pago<\/h2>\n<p>Los usuarios de www.lapanera.es pueden comprar sus tickets mediante <b>tarjeta VISA o MASTERCARD<\/b><\/p>\n<p><b>Todas las operaciones que implican la transmisi\u00f3n de datos personales o bancarios se realizan utilizando un entorno seguro<\/b>, un servidor basado en la tecnolog\u00eda de seguridad est\u00e1ndar SSL (Secure Sockets Layer). Toda la informaci\u00f3n que nos transmita viaja cifrada a trav\u00e9s de la red.<\/p>\n<p>Asimismo los datos de la tarjeta son introducidos directamente en la p\u00e1gina del banco, en el TPV (Terminal Punto de venta del Banco) y no son introducidos ni registrados en ning\u00fan servidor de La Panera.<\/p>\n<p>Al pagar con tarjeta VISA o MASTERCARD se solicitar\u00e1n siempre los siguientes datos: el n\u00famero de tarjeta, la fecha de caducidad, y un C\u00f3digo de Validaci\u00f3n que coincide con las tres \u00faltimas cifras del n\u00famero impreso en cursiva en el reverso de su tarjeta VISA o MASTERCARD, ofreciendo, de esta forma, m\u00e1s garant\u00edas acerca de la seguridad de la transacci\u00f3n.[\/vc_column_text][vc_empty_space][\/vc_column][\/vc_row]<\/p>\n","protected":false},"excerpt":{"rendered":"<p>[vc_row][vc_column][vc_empty_space][vc_column_text] Condiciones de Compra A trav\u00e9s de estas condiciones legales de contrataci\u00f3n, ponemos a disposici\u00f3n del consumidor la informaci\u00f3n pre-contractual a la que se refiere el art\u00edculo 6 de la Directiva 2011\/83. Identificaci\u00f3n Los bienes que se venden a trav\u00e9s de la web lapanera.es son tickets para el acceso al \u00c1rea Recreativa de La Panera [&hellip;]<\/p>\n","protected":false},"author":2,"featured_media":0,"parent":0,"menu_order":0,"comment_status":"closed","ping_status":"closed","template":"page-template-full-width.php","meta":{"footnotes":""},"class_list":["post-458","page","type-page","status-publish","hentry"],"_links":{"self":[{"href":"https:\/\/lapanera.es\/index.php\/wp-json\/wp\/v2\/pages\/458","targetHints":{"allow":["GET"]}}],"collection":[{"href":"https:\/\/lapanera.es\/index.php\/wp-json\/wp\/v2\/pages"}],"about":[{"href":"https:\/\/lapanera.es\/index.php\/wp-json\/wp\/v2\/types\/page"}],"author":[{"embeddable":true,"href":"https:\/\/lapanera.es\/index.php\/wp-json\/wp\/v2\/users\/2"}],"replies":[{"embeddable":true,"href":"https:\/\/lapanera.es\/index.php\/wp-json\/wp\/v2\/comments?post=458"}],"version-history":[{"count":0,"href":"https:\/\/lapanera.es\/index.php\/wp-json\/wp\/v2\/pages\/458\/revisions"}],"wp:attachment":[{"href":"https:\/\/lapanera.es\/index.php\/wp-json\/wp\/v2\/media?parent=458"}],"curies":[{"name":"wp","href":"https:\/\/api.w.org\/{rel}","templated":true}]}}