{"id":87,"date":"2021-06-19T14:52:23","date_gmt":"2021-06-19T14:52:23","guid":{"rendered":"https:\/\/lapanera.es\/?page_id=3"},"modified":"2024-05-16T00:27:13","modified_gmt":"2024-05-16T00:27:13","slug":"aviso-legal-y-politica-de-privacidad","status":"publish","type":"page","link":"https:\/\/lapanera.es\/index.php\/aviso-legal-y-politica-de-privacidad\/","title":{"rendered":"Aviso Legal y Pol\u00edtica de Privacidad"},"content":{"rendered":"\t\t<div data-elementor-type=\"wp-page\" data-elementor-id=\"87\" class=\"elementor elementor-87\" data-elementor-post-type=\"page\">\n\t\t\t\t<div class=\"elementor-element elementor-element-780f643b e-flex e-con-boxed e-con e-parent\" data-id=\"780f643b\" data-element_type=\"container\">\n\t\t\t\t\t<div class=\"e-con-inner\">\n\t\t\t\t<div class=\"elementor-element elementor-element-12841cb9 elementor-widget elementor-widget-text-editor\" data-id=\"12841cb9\" data-element_type=\"widget\" data-widget_type=\"text-editor.default\">\n\t\t\t\t<div class=\"elementor-widget-container\">\n\t\t\t<style>\/*! elementor - v3.23.0 - 15-07-2024 *\/\n.elementor-widget-text-editor.elementor-drop-cap-view-stacked .elementor-drop-cap{background-color:#69727d;color:#fff}.elementor-widget-text-editor.elementor-drop-cap-view-framed .elementor-drop-cap{color:#69727d;border:3px solid;background-color:transparent}.elementor-widget-text-editor:not(.elementor-drop-cap-view-default) .elementor-drop-cap{margin-top:8px}.elementor-widget-text-editor:not(.elementor-drop-cap-view-default) .elementor-drop-cap-letter{width:1em;height:1em}.elementor-widget-text-editor .elementor-drop-cap{float:left;text-align:center;line-height:1;font-size:50px}.elementor-widget-text-editor .elementor-drop-cap-letter{display:inline-block}<\/style>\t\t\t\t<p><!-- wp:paragraph --><\/p>\n<p><!-- \/wp:paragraph --><\/p>\n<p><!-- wp:shortcode --><span style=\"color: var( --e-global-color-a7dba92 ); font-family: var( --e-global-typography-secondary-font-family ), Sans-serif; font-size: var( --e-global-typography-secondary-font-size ); font-weight: var( --e-global-typography-secondary-font-weight ); text-align: var(--text-align);\">AVISO LEGAL<\/span><\/p>\n<p><b>LEY DE SERVICIOS DE LA SOCIEDAD DE LA INFORMACI\u00d3N (LSSI)<\/b><\/p>\n<p>Javier Ayuso de Castro, responsable del sitio web, en adelante la ENTIDAD RESPONSABLE, pone a disposici\u00f3n de los usuarios el presente documento, que tiene por objeto dar cumplimiento a las obligaciones establecidas en la Ley 34\/2002, de 11 de julio, de Servicios de la Sociedad de la Informaci\u00f3n y de Comercio Electr\u00f3nico (LSSICE), BOE n\u00ba 166, as\u00ed como informar a todos los usuarios del sitio web sobre las condiciones de uso.<\/p>\n<p>Toda persona que acceda a este sitio web asumir\u00e1 la funci\u00f3n de usuario, comprometi\u00e9ndose a la observancia y estricto cumplimiento de lo dispuesto en el mismo, as\u00ed como de cualquier otra disposici\u00f3n legal que resulte de aplicaci\u00f3n.<\/p>\n<p>Javier Ayuso de Castro se reserva el derecho a modificar cualquier tipo de informaci\u00f3n que pueda aparecer en el sitio web, sin obligaci\u00f3n de notificar o informar a los usuarios de dichas obligaciones, entendi\u00e9ndose que la publicaci\u00f3n en el sitio web de LAPANERA.ES es suficiente.<\/p>\n<h4>1. DATOS IDENTIFICATIVOS<\/h4>\n<ul>\n<li>Dominio: www.lapanera.es<\/li>\n<li>Nombre comercial: LA PANERA<\/li>\n<li>Nombre de la compa\u00f1ia: Javier Ayuso de Castro<\/li>\n<li>NIF: 03468312G<\/li>\n<li>Direcci\u00f3n fiscal: Calle San Roque, 37. El Espinar, 40400. Segovia &#8211; Espa\u00f1a.<\/li>\n<li>Tel\u00e9fono: +34 617 584 098<\/li>\n<li>Email: j.ayusodecastro@gmail.com<\/li>\n<\/ul>\n<h4>2. DERECHOS DE PROPIEDAD INTELECTUAL E INDUSTRIAL<\/h4>\n<p>El sitio web, incluye, entre otras cosas, su programaci\u00f3n, edici\u00f3n, compilaci\u00f3n y otros elementos necesarios para su funcionamiento. Los dise\u00f1os, logotipos, textos y\/o gr\u00e1ficos, son propiedad de la ENTIDAD RESPONSABLE o, en su caso, han sido expresamente licenciados o autorizados por los autores. Todos los contenidos del sitio web est\u00e1n debidamente protegidos por las leyes de propiedad intelectual e industrial e inscritos en los correspondientes registros p\u00fablicos.<\/p>\n<p>Independientemente de la finalidad para la que est\u00e1n destinados, la reproducci\u00f3n total o parcial, uso, explotaci\u00f3n, distribuci\u00f3n y comercializaci\u00f3n, requiere en todo caso la autorizaci\u00f3n previa y por escrito de la ENTIDAD RESPONSABLE. Cualquier uso no autorizado se considera una infracci\u00f3n grave de los derechos de propiedad intelectual o industrial del autor.<\/p>\n<p>Los dise\u00f1os, logotipos, textos y\/o gr\u00e1ficos que no sean de titularidad de la ENTIDAD RESPONSABLE y que puedan aparecer en el sitio web pertenecen a sus respectivos titulares, quienes responder\u00e1n de cualquier posible controversia que pudiera suscitarse respecto a los mismos. La ENTIDAD RESPONSABLE autoriza expresamente a terceros a redirigir directamente a los contenidos concretos de la p\u00e1gina web, y en todo caso a redirigir a la p\u00e1gina principal de www.lapanera.es<\/p>\n<p>La ENTIDAD RESPONSABLE reconoce a favor de sus titulares los correspondientes derechos de propiedad intelectual e industrial, y su sola menci\u00f3n o aparici\u00f3n en el sitio web no implica la existencia de derechos o responsabilidad alguna sobre los mismos, ni implica respaldo, patrocinio o recomendaci\u00f3n alguna.<\/p>\n<p>Para cualquier tipo de observaci\u00f3n sobre posibles infracciones de los derechos de propiedad intelectual o industrial, as\u00ed como sobre cualquiera de los contenidos de la p\u00e1gina web, puede ponerse en contacto con nosotros a trav\u00e9s del correo electr\u00f3nico www.lapanera.es<\/p>\n<h4>3. EXENCI\u00d3N DE RESPONSABILIDAD<\/h4>\n<p>La ENTIDAD RESPONSABLE queda exenta de cualquier tipo de responsabilidad derivada de la informaci\u00f3n publicada en su sitio web cuando esta informaci\u00f3n haya sido manipulada o introducida por un tercero ajeno a ella.<\/p>\n<p><b>Uso de Cookies<\/b><\/p>\n<p>Este sitio web puede utilizar cookies t\u00e9cnicas (peque\u00f1os archivos de informaci\u00f3n que el servidor env\u00eda al ordenador del usuario que accede a la p\u00e1gina) para realizar determinadas funciones que se consideran imprescindibles para el correcto funcionamiento y visualizaci\u00f3n del sitio. Las cookies utilizadas tienen, en todo caso, car\u00e1cter temporal, con la \u00fanica finalidad de hacer m\u00e1s eficiente la navegaci\u00f3n, y desaparecen al finalizar la sesi\u00f3n del usuario. Bajo ninguna circunstancia estas cookies proporcionan datos personales y no se utilizar\u00e1n para la recopilaci\u00f3n de dichos datos.<\/p>\n<p>Mediante el uso de cookies, es posible que el servidor donde se encuentra el sitio web reconozca el navegador utilizado por el usuario para facilitar la navegaci\u00f3n, permitiendo, por ejemplo, el acceso de usuarios que se hayan registrado previamente a las \u00e1reas, servicios, promociones o concursos reservados exclusivamente para ellos sin necesidad de registrarse de nuevo. Tambi\u00e9n se pueden utilizar para medir la audiencia, los par\u00e1metros de tr\u00e1fico, controlar el progreso y el n\u00famero de entradas, etc. En estos casos, las cookies son t\u00e9cnicamente prescindibles, pero tambi\u00e9n son beneficiosas para el usuario. Este sitio web no instalar\u00e1 cookies sin el consentimiento previo del usuario. El usuario tiene la posibilidad de configurar su navegador para ser avisado de la recepci\u00f3n de cookies y para impedir su instalaci\u00f3n. Por favor, consulte las instrucciones de su navegador para m\u00e1s informaci\u00f3n.<\/p>\n<p><b>Pol\u00edtica de enlaces<\/b><\/p>\n<p>Desde el sitio web, es posible que se le redirija a contenidos de terceros. Dado que la ENTIDAD RESPONSABLE no puede controlar siempre los contenidos introducidos por terceros en sus p\u00e1ginas web, no asume ning\u00fan tipo de responsabilidad sobre los mismos.<\/p>\n<p>En cualquier caso, cualquier contenido que pueda contravenir la legislaci\u00f3n nacional o internacional, la moral o el orden p\u00fablico ser\u00e1 inmediatamente eliminado junto con la redirecci\u00f3n a este sitio web, informando a las autoridades competentes del contenido en cuesti\u00f3n.<\/p>\n<p>La ENTIDAD RESPONSABLE no se hace responsable de la informaci\u00f3n y contenidos almacenados en foros, chats, generadores de blogs, comentarios, redes sociales o cualquier otro medio que permita a terceros publicar contenidos de forma independiente en la web de la ENTIDAD RESPONSABLE. No obstante, y en cumplimiento de lo dispuesto en los art\u00edculos 11 y 16 de la LSSICE, se pone a disposici\u00f3n de todos los usuarios, autoridades y fuerzas de seguridad, colaborando activamente en la retirada o, en su caso, en el bloqueo de todos aquellos contenidos que puedan afectar o contravenir la legislaci\u00f3n nacional o internacional, los derechos de terceros o la moral y el orden p\u00fablico. En el caso de que el usuario considere que existe alg\u00fan contenido en el sitio web que pueda ser susceptible de esta clasificaci\u00f3n, se ruega lo notifique inmediatamente al administrador del sitio web.<\/p>\n<p>Este sitio web ha sido revisado y probado para asegurar que funciona correctamente. En teor\u00eda, se puede garantizar un funcionamiento adecuado los 365 d\u00edas del a\u00f1o, las 24 horas del d\u00eda. No obstante, el ENTIDAD RESPONSABLE no descarta la posibilidad de que existan determinados errores de programaci\u00f3n, o de que se produzcan causas de fuerza mayor, cat\u00e1strofes naturales, huelgas o circunstancias similares que puedan imposibilitar el acceso al sitio web.<\/p>\n<p><b>Direcci\u00f3n IP<\/b><\/p>\n<p>Los servidores del sitio web podr\u00e1n detectar autom\u00e1ticamente la direcci\u00f3n IP y el nombre de dominio utilizados por el usuario. Una direcci\u00f3n IP es un n\u00famero asignado autom\u00e1ticamente a un ordenador cuando est\u00e1 conectado a Internet. Toda esta informaci\u00f3n se registra en un fichero de actividad del servidor debidamente registrado que permite el posterior tratamiento de los datos con el fin de obtener \u00fanicamente medidas estad\u00edsticas que permitan conocer el n\u00famero de impresiones de p\u00e1ginas, el n\u00famero de visitas realizadas a los servidores web, el orden de las visitas, el punto de acceso, etc.<\/p>\n<h4>4. LEY APLICABLE Y JURISDICCI\u00d3N<\/h4>\n<p>Para la resoluci\u00f3n de todos los conflictos o cuestiones relacionadas con este sitio web o con las actividades que se desarrollen en \u00e9l, ser\u00e1 de aplicaci\u00f3n la legislaci\u00f3n espa\u00f1ola, a la que se someten expresamente las partes, siendo competentes para la resoluci\u00f3n de todos los conflictos derivados o relacionados con su utilizaci\u00f3n los Juzgados y Tribunales m\u00e1s cercanos a SEGOVIA.<\/p>\n<p><span style=\"color: var( --e-global-color-a7dba92 ); font-family: var( --e-global-typography-secondary-font-family ), Sans-serif; font-size: var( --e-global-typography-secondary-font-size ); font-weight: var( --e-global-typography-secondary-font-weight ); text-align: var(--text-align);\">POL\u00cdTICA DE PRIVACIDAD<\/span><\/p>\n<h4 id=\"#politica-privacidad\">1. INFORMACI\u00d3N PARA EL USUARIO<\/h4>\n<p><b>Gestor de datos<\/b><\/p>\n<ul>\n<li>Identidad. Javier Ayuso de Castro &#8211; 03468312G<\/li>\n<li>Direcci\u00f3n. Calle San Roque, 37. El espinar. 40400<\/li>\n<li>N\u00famero de tel\u00e9fono: +34 617 584 098<\/li>\n<li>Correo electr\u00f3nico: j.ayusodecastro@gmail.com<\/li>\n<\/ul>\n<p><b>Finalidad del tratamiento de los datos<\/b><\/p>\n<p>Javier Ayuso de Castro tratar\u00e1 la informaci\u00f3n facilitada por los Usuarios en cada una de las secciones de la web con las siguientes finalidades:<\/p>\n<p>Formulario de contacto: Los datos ser\u00e1n tratados para la resoluci\u00f3n de consultas y para el env\u00edo de la informaci\u00f3n solicitada.<\/p>\n<p><b>Criterios de conservaci\u00f3n de los datos<\/b><\/p>\n<p>Javier Ayuso de Castro conservar\u00e1 los datos durante un periodo de un a\u00f1o en cumplimiento de lo dispuesto en el art\u00edculo. 5 de la Ley 25\/2007, de 18 de octubre, de preservaci\u00f3n de datos relativos a las comunicaciones electr\u00f3nicas y a las redes p\u00fablicas de comunicaciones.<\/p>\n<p><b>Legitimaci\u00f3n para el tratamiento de datos<\/b><\/p>\n<p>El tratamiento de los datos del Usuario por parte de Javier Ayuso de Castro tendr\u00e1 su legitimidad en el consentimiento prestado expresamente.<\/p>\n<p><b>Comunicaci\u00f3n de datos<\/b><\/p>\n<p>Los datos facilitados por los Usuarios s\u00f3lo podr\u00e1n ser cedidos a las Fuerzas y Cuerpos de Seguridad y\/o a otras Administraciones P\u00fablicas con competencias en cumplimiento de las obligaciones establecidas en la Ley 25\/2007, de 18 de octubre, de conservaci\u00f3n de datos relativos a las comunicaciones electr\u00f3nicas y a las redes p\u00fablicas de comunicaciones.<\/p>\n<p><b>Derechos del usuario<\/b><\/p>\n<p>Cualquier Usuario tiene derecho a obtener informaci\u00f3n sobre si Javier Ayuso de Castro est\u00e1 tratando datos personales que le conciernen y, en caso afirmativo, el usuario tiene derecho a ejercer su derecho de acceso a los datos personales y a la siguiente informaci\u00f3n:<\/p>\n<ul>\n<li>los prop\u00f3sitos del manejo.<\/li>\n<li>las categor\u00edas de datos personales.<\/li>\n<li>los destinatarios o categor\u00edas de destinatarios a los que se han comunicado o se comunicar\u00e1n los datos personales, en particular los terceros destinatarios o las organizaciones internacionales.<\/li>\n<li>En la medida de lo posible, el plazo previsto de conservaci\u00f3n de los datos personales o, en su defecto, los criterios utilizados para determinar dicho plazo.<\/li>\n<li>el derecho a solicitar a la ENTIDAD RESPONSABLE que rectifique o suprima los datos personales o que limite u oponga el tratamiento de los datos personales relativos al interesado;<\/li>\n<li>el derecho a presentar una reclamaci\u00f3n ante una autoridad supervisora.<\/li>\n<\/ul>\n<p>Asimismo, el Usuario tiene derecho a solicitar la rectificaci\u00f3n de los datos inexactos o, en su caso, la eliminaci\u00f3n de los mismos cuando, entre otras razones, los datos ya no sean necesarios para los fines para los que fueron recogidos o si desea revocar el consentimiento en el que se basaba el tratamiento hasta la fecha.<\/p>\n<p>Asimismo, los Usuarios podr\u00e1n solicitar la limitaci\u00f3n del tratamiento de los datos del interesado, en cuyo caso s\u00f3lo ser\u00e1n conservados por Javier Ayuso de Castro para el ejercicio o defensa de reclamaciones.<\/p>\n<p>Javier Ayuso de Castro dejar\u00e1 de tratar sus datos cuando usted se niegue a hacerlo, salvo por razones leg\u00edtimas imperiosas, o para el ejercicio o defensa de posibles reclamaciones.<\/p>\n<p>Por \u00faltimo, y en el ejercicio de su derecho a la conservaci\u00f3n de los datos, el Usuario podr\u00e1 recibir los datos personales que haya facilitado a Javier Ayuso de Castro, en un formato estructurado, de uso com\u00fan y legible por m\u00e1quina, as\u00ed como solicitar que los datos sean transmitidos a otra entidad responsable del tratamiento.<\/p>\n<p><b>Medios para ejercer sus derechos<\/b><\/p>\n<p>El Usuario podr\u00e1 ejercer materialmente los derechos descritos en el apartado anterior solicitando el formulario correspondiente en la direcci\u00f3n del ENTIDAD RESPONSABLE:<\/p>\n<ul>\n<li>j.ayusodecastro@gmail.com<\/li>\n<\/ul>\n<p>El Usuario podr\u00e1 solicitar en cualquier momento informaci\u00f3n sobre el ejercicio de sus derechos a la Agencia Espa\u00f1ola de Protecci\u00f3n de Datos.<\/p>\n<p>En caso de que el ejercicio de los derechos no sea atendido o satisfecho adecuadamente, el Usuario podr\u00e1 presentar la correspondiente reclamaci\u00f3n ante la Agencia Espa\u00f1ola de Protecci\u00f3n de Datos, sita en la calle de Jorge Juan, 6, 28001, Madrid, tel\u00e9fono 9126635353517.<\/p>\n<h4>2. CAR\u00c1CTER OBLIGATORIO O FACULTATIVO DE LA INFORMACI\u00d3N FACILITADA POR EL USUARIO<\/h4>\n<p>Los Usuarios, marcando las casillas correspondientes y mediante la introducci\u00f3n de datos en los campos marcados con un asterisco (*) en el formulario de contacto o chat, aceptar\u00e1n de forma expresa, libre e inequ\u00edvoca que sus datos son necesarios para atender su solicitud, por parte del proveedor, siendo voluntaria la inclusi\u00f3n de datos en los campos restantes. El Usuario garantiza que los datos personales facilitados a la ENTIDAD RESPONSABLE son veraces y comunicar\u00e1 cualquier modificaci\u00f3n de los mismos.<\/p>\n<p>El RESPONSABLE DE LA ENTIDAD informa y garantiza expresamente a los usuarios que sus datos personales no ser\u00e1n cedidos a terceros en ning\u00fan caso, y que siempre que se realice cualquier tipo de cesi\u00f3n de datos personales, se solicitar\u00e1 previamente el consentimiento expreso, informado e inequ\u00edvoco de los Usuarios. Todos los datos solicitados a trav\u00e9s del sitio web son obligatorios, ya que son necesarios para la prestaci\u00f3n de un servicio \u00f3ptimo al Usuario. En el caso de que no se faciliten todos los datos, no se garantiza que la informaci\u00f3n y los servicios prestados se ajusten totalmente a las necesidades del usuario.<\/p>\n<h4>3. MEDIDAS DE SEGURIDAD<\/h4>\n<p>Que de acuerdo con lo establecido en la normativa vigente en materia de protecci\u00f3n de datos de car\u00e1cter personal, la ENTIDAD RESPONSABLE cumple con todas las disposiciones de las normas de la LOPD y de la LOPD para el tratamiento de los datos de car\u00e1cter personal de los que es responsable, as\u00ed como con los principios descritos en el art\u00edculo 5 de la LOPD y en el art\u00edculo 4 de la LOPD, por los que se tratar\u00e1n de forma l\u00edcita, justa y transparente en relaci\u00f3n con el interesado y de forma adecuada, adecuada, adecuada, pertinente y circunscrita a las finalidades para las que sea necesario en relaci\u00f3n con los fines para los que sean tratados.<\/p>\n<p>La ENTIDAD RESPONSABLE garantiza que ha implantado las pol\u00edticas t\u00e9cnicas y organizativas adecuadas para aplicar las medidas de seguridad establecidas por la GDPR y la LOPD con el fin de proteger los derechos y libertades de los Usuarios y la ENTIDAD RESPONSABLE les ha comunicado la informaci\u00f3n adecuada para que puedan ejercerlos.<br \/><!-- \/wp:shortcode --><\/p>\t\t\t\t\t\t<\/div>\n\t\t\t\t<\/div>\n\t\t\t\t\t<\/div>\n\t\t\t\t<\/div>\n\t\t\t\t<\/div>\n\t\t","protected":false},"excerpt":{"rendered":"","protected":false},"author":2,"featured_media":0,"parent":0,"menu_order":0,"comment_status":"closed","ping_status":"closed","template":"","meta":{"footnotes":""},"class_list":["post-87","page","type-page","status-publish","hentry"],"_links":{"self":[{"href":"https:\/\/lapanera.es\/index.php\/wp-json\/wp\/v2\/pages\/87","targetHints":{"allow":["GET"]}}],"collection":[{"href":"https:\/\/lapanera.es\/index.php\/wp-json\/wp\/v2\/pages"}],"about":[{"href":"https:\/\/lapanera.es\/index.php\/wp-json\/wp\/v2\/types\/page"}],"author":[{"embeddable":true,"href":"https:\/\/lapanera.es\/index.php\/wp-json\/wp\/v2\/users\/2"}],"replies":[{"embeddable":true,"href":"https:\/\/lapanera.es\/index.php\/wp-json\/wp\/v2\/comments?post=87"}],"version-history":[{"count":7,"href":"https:\/\/lapanera.es\/index.php\/wp-json\/wp\/v2\/pages\/87\/revisions"}],"predecessor-version":[{"id":4427,"href":"https:\/\/lapanera.es\/index.php\/wp-json\/wp\/v2\/pages\/87\/revisions\/4427"}],"wp:attachment":[{"href":"https:\/\/lapanera.es\/index.php\/wp-json\/wp\/v2\/media?parent=87"}],"curies":[{"name":"wp","href":"https:\/\/api.w.org\/{rel}","templated":true}]}}